{"id":2636,"date":"2024-12-19T07:55:14","date_gmt":"2024-12-19T07:55:14","guid":{"rendered":"https:\/\/taskpal.com\/submit-a-ticket\/"},"modified":"2026-01-09T11:22:23","modified_gmt":"2026-01-09T11:22:23","slug":"submit-a-ticket","status":"publish","type":"page","link":"https:\/\/taskpal.com\/cs\/submit-a-ticket\/","title":{"rendered":"Odeslat tiket"},"content":{"rendered":"","protected":false},"excerpt":{"rendered":"","protected":false},"author":1,"featured_media":2637,"parent":0,"menu_order":0,"comment_status":"closed","ping_status":"closed","template":"page-contact.php","meta":{"_acf_changed":false,"footnotes":""},"class_list":["post-2636","page","type-page","status-publish","has-post-thumbnail","hentry"],"acf":[],"yoast_head":"<!-- This site is optimized with the Yoast SEO plugin v24.5 - https:\/\/yoast.com\/wordpress\/plugins\/seo\/ -->\n<title>Odeslat tiket | TaskPal<\/title>\n<meta name=\"description\" content=\"Need help with TaskPal? Submit a support ticket and our team will get back to you as soon as possible.\" \/>\n<meta name=\"robots\" content=\"index, follow, max-snippet:-1, max-image-preview:large, max-video-preview:-1\" \/>\n<link rel=\"canonical\" href=\"https:\/\/taskpal.com\/cs\/submit-a-ticket\/\" \/>\n<meta property=\"og:locale\" content=\"cs_CZ\" \/>\n<meta property=\"og:type\" content=\"article\" \/>\n<meta property=\"og:title\" content=\"Odeslat tiket | TaskPal\" \/>\n<meta property=\"og:description\" content=\"Need help with TaskPal? Submit a support ticket and our team will get back to you as soon as possible.\" \/>\n<meta property=\"og:url\" content=\"https:\/\/taskpal.com\/cs\/submit-a-ticket\/\" \/>\n<meta property=\"og:site_name\" content=\"TaskPal\" \/>\n<meta property=\"article:modified_time\" content=\"2026-01-09T11:22:23+00:00\" \/>\n<meta property=\"og:image\" content=\"https:\/\/taskpal.com\/wp-content\/uploads\/2025\/04\/tim-van-der-kuip-CPs2X8JYmS8-unsplash.jpeg\" \/>\n\t<meta property=\"og:image:width\" content=\"1920\" \/>\n\t<meta property=\"og:image:height\" content=\"1280\" \/>\n\t<meta property=\"og:image:type\" content=\"image\/jpeg\" \/>\n<meta name=\"twitter:card\" content=\"summary_large_image\" \/>\n<meta name=\"twitter:label1\" content=\"Odhadovan\u00e1 doba \u010dten\u00ed\" \/>\n\t<meta name=\"twitter:data1\" content=\"1 minuta\" \/>\n<script type=\"application\/ld+json\" class=\"yoast-schema-graph\">{\"@context\":\"https:\/\/schema.org\",\"@graph\":[{\"@type\":\"WebPage\",\"@id\":\"https:\/\/taskpal.com\/cs\/submit-a-ticket\/\",\"url\":\"https:\/\/taskpal.com\/cs\/submit-a-ticket\/\",\"name\":\"Odeslat tiket | TaskPal\",\"isPartOf\":{\"@id\":\"https:\/\/taskpal.com\/cs\/#website\"},\"primaryImageOfPage\":{\"@id\":\"https:\/\/taskpal.com\/cs\/submit-a-ticket\/#primaryimage\"},\"image\":{\"@id\":\"https:\/\/taskpal.com\/cs\/submit-a-ticket\/#primaryimage\"},\"thumbnailUrl\":\"https:\/\/taskpal.com\/wp-content\/uploads\/2025\/04\/tim-van-der-kuip-CPs2X8JYmS8-unsplash.jpeg\",\"datePublished\":\"2024-12-19T07:55:14+00:00\",\"dateModified\":\"2026-01-09T11:22:23+00:00\",\"description\":\"Need help with TaskPal? Submit a support ticket and our team will get back to you as soon as possible.\",\"breadcrumb\":{\"@id\":\"https:\/\/taskpal.com\/cs\/submit-a-ticket\/#breadcrumb\"},\"inLanguage\":\"cs\",\"potentialAction\":[{\"@type\":\"ReadAction\",\"target\":[\"https:\/\/taskpal.com\/cs\/submit-a-ticket\/\"]}]},{\"@type\":\"ImageObject\",\"inLanguage\":\"cs\",\"@id\":\"https:\/\/taskpal.com\/cs\/submit-a-ticket\/#primaryimage\",\"url\":\"https:\/\/taskpal.com\/wp-content\/uploads\/2025\/04\/tim-van-der-kuip-CPs2X8JYmS8-unsplash.jpeg\",\"contentUrl\":\"https:\/\/taskpal.com\/wp-content\/uploads\/2025\/04\/tim-van-der-kuip-CPs2X8JYmS8-unsplash.jpeg\",\"width\":1920,\"height\":1280},{\"@type\":\"BreadcrumbList\",\"@id\":\"https:\/\/taskpal.com\/cs\/submit-a-ticket\/#breadcrumb\",\"itemListElement\":[{\"@type\":\"ListItem\",\"position\":1,\"name\":\"Home\",\"item\":\"https:\/\/taskpal.com\/cs\/\"},{\"@type\":\"ListItem\",\"position\":2,\"name\":\"Odeslat tiket\"}]},{\"@type\":\"WebSite\",\"@id\":\"https:\/\/taskpal.com\/cs\/#website\",\"url\":\"https:\/\/taskpal.com\/cs\/\",\"name\":\"TaskPal\",\"description\":\"Simple and Powerful To-Do List\",\"publisher\":{\"@id\":\"https:\/\/taskpal.com\/cs\/#organization\"},\"potentialAction\":[{\"@type\":\"SearchAction\",\"target\":{\"@type\":\"EntryPoint\",\"urlTemplate\":\"https:\/\/taskpal.com\/cs\/?s={search_term_string}\"},\"query-input\":{\"@type\":\"PropertyValueSpecification\",\"valueRequired\":true,\"valueName\":\"search_term_string\"}}],\"inLanguage\":\"cs\"},{\"@type\":\"Organization\",\"@id\":\"https:\/\/taskpal.com\/cs\/#organization\",\"name\":\"TaskPal LLC\",\"url\":\"https:\/\/taskpal.com\/cs\/\",\"logo\":{\"@type\":\"ImageObject\",\"inLanguage\":\"cs\",\"@id\":\"https:\/\/taskpal.com\/cs\/#\/schema\/logo\/image\/\",\"url\":\"https:\/\/taskpal.com\/wp-content\/uploads\/2023\/03\/footer-logo.svg\",\"contentUrl\":\"https:\/\/taskpal.com\/wp-content\/uploads\/2023\/03\/footer-logo.svg\",\"width\":260,\"height\":57.28399999999999891997504164464771747589111328125,\"caption\":\"TaskPal LLC\"},\"image\":{\"@id\":\"https:\/\/taskpal.com\/cs\/#\/schema\/logo\/image\/\"}}]}<\/script>\n<!-- \/ Yoast SEO plugin. -->","yoast_head_json":{"title":"Odeslat tiket | TaskPal","description":"Need help with TaskPal? Submit a support ticket and our team will get back to you as soon as possible.","robots":{"index":"index","follow":"follow","max-snippet":"max-snippet:-1","max-image-preview":"max-image-preview:large","max-video-preview":"max-video-preview:-1"},"canonical":"https:\/\/taskpal.com\/cs\/submit-a-ticket\/","og_locale":"cs_CZ","og_type":"article","og_title":"Odeslat tiket | TaskPal","og_description":"Need help with TaskPal? Submit a support ticket and our team will get back to you as soon as possible.","og_url":"https:\/\/taskpal.com\/cs\/submit-a-ticket\/","og_site_name":"TaskPal","article_modified_time":"2026-01-09T11:22:23+00:00","og_image":[{"width":1920,"height":1280,"url":"https:\/\/taskpal.com\/wp-content\/uploads\/2025\/04\/tim-van-der-kuip-CPs2X8JYmS8-unsplash.jpeg","type":"image\/jpeg"}],"twitter_card":"summary_large_image","twitter_misc":{"Odhadovan\u00e1 doba \u010dten\u00ed":"1 minuta"},"schema":{"@context":"https:\/\/schema.org","@graph":[{"@type":"WebPage","@id":"https:\/\/taskpal.com\/cs\/submit-a-ticket\/","url":"https:\/\/taskpal.com\/cs\/submit-a-ticket\/","name":"Odeslat tiket | TaskPal","isPartOf":{"@id":"https:\/\/taskpal.com\/cs\/#website"},"primaryImageOfPage":{"@id":"https:\/\/taskpal.com\/cs\/submit-a-ticket\/#primaryimage"},"image":{"@id":"https:\/\/taskpal.com\/cs\/submit-a-ticket\/#primaryimage"},"thumbnailUrl":"https:\/\/taskpal.com\/wp-content\/uploads\/2025\/04\/tim-van-der-kuip-CPs2X8JYmS8-unsplash.jpeg","datePublished":"2024-12-19T07:55:14+00:00","dateModified":"2026-01-09T11:22:23+00:00","description":"Need help with TaskPal? Submit a support ticket and our team will get back to you as soon as possible.","breadcrumb":{"@id":"https:\/\/taskpal.com\/cs\/submit-a-ticket\/#breadcrumb"},"inLanguage":"cs","potentialAction":[{"@type":"ReadAction","target":["https:\/\/taskpal.com\/cs\/submit-a-ticket\/"]}]},{"@type":"ImageObject","inLanguage":"cs","@id":"https:\/\/taskpal.com\/cs\/submit-a-ticket\/#primaryimage","url":"https:\/\/taskpal.com\/wp-content\/uploads\/2025\/04\/tim-van-der-kuip-CPs2X8JYmS8-unsplash.jpeg","contentUrl":"https:\/\/taskpal.com\/wp-content\/uploads\/2025\/04\/tim-van-der-kuip-CPs2X8JYmS8-unsplash.jpeg","width":1920,"height":1280},{"@type":"BreadcrumbList","@id":"https:\/\/taskpal.com\/cs\/submit-a-ticket\/#breadcrumb","itemListElement":[{"@type":"ListItem","position":1,"name":"Home","item":"https:\/\/taskpal.com\/cs\/"},{"@type":"ListItem","position":2,"name":"Odeslat tiket"}]},{"@type":"WebSite","@id":"https:\/\/taskpal.com\/cs\/#website","url":"https:\/\/taskpal.com\/cs\/","name":"TaskPal","description":"Simple and Powerful To-Do List","publisher":{"@id":"https:\/\/taskpal.com\/cs\/#organization"},"potentialAction":[{"@type":"SearchAction","target":{"@type":"EntryPoint","urlTemplate":"https:\/\/taskpal.com\/cs\/?s={search_term_string}"},"query-input":{"@type":"PropertyValueSpecification","valueRequired":true,"valueName":"search_term_string"}}],"inLanguage":"cs"},{"@type":"Organization","@id":"https:\/\/taskpal.com\/cs\/#organization","name":"TaskPal LLC","url":"https:\/\/taskpal.com\/cs\/","logo":{"@type":"ImageObject","inLanguage":"cs","@id":"https:\/\/taskpal.com\/cs\/#\/schema\/logo\/image\/","url":"https:\/\/taskpal.com\/wp-content\/uploads\/2023\/03\/footer-logo.svg","contentUrl":"https:\/\/taskpal.com\/wp-content\/uploads\/2023\/03\/footer-logo.svg","width":260,"height":57.28399999999999891997504164464771747589111328125,"caption":"TaskPal LLC"},"image":{"@id":"https:\/\/taskpal.com\/cs\/#\/schema\/logo\/image\/"}}]}},"_links":{"self":[{"href":"https:\/\/taskpal.com\/cs\/wp-json\/wp\/v2\/pages\/2636","targetHints":{"allow":["GET"]}}],"collection":[{"href":"https:\/\/taskpal.com\/cs\/wp-json\/wp\/v2\/pages"}],"about":[{"href":"https:\/\/taskpal.com\/cs\/wp-json\/wp\/v2\/types\/page"}],"author":[{"embeddable":true,"href":"https:\/\/taskpal.com\/cs\/wp-json\/wp\/v2\/users\/1"}],"replies":[{"embeddable":true,"href":"https:\/\/taskpal.com\/cs\/wp-json\/wp\/v2\/comments?post=2636"}],"version-history":[{"count":1,"href":"https:\/\/taskpal.com\/cs\/wp-json\/wp\/v2\/pages\/2636\/revisions"}],"predecessor-version":[{"id":2638,"href":"https:\/\/taskpal.com\/cs\/wp-json\/wp\/v2\/pages\/2636\/revisions\/2638"}],"wp:featuredmedia":[{"embeddable":true,"href":"https:\/\/taskpal.com\/cs\/wp-json\/wp\/v2\/media\/2637"}],"wp:attachment":[{"href":"https:\/\/taskpal.com\/cs\/wp-json\/wp\/v2\/media?parent=2636"}],"curies":[{"name":"wp","href":"https:\/\/api.w.org\/{rel}","templated":true}]}}