{"id":2615,"date":"2023-04-26T07:49:35","date_gmt":"2023-04-26T06:49:35","guid":{"rendered":"https:\/\/taskpal.com\/blog\/"},"modified":"2026-01-09T10:53:00","modified_gmt":"2026-01-09T10:53:00","slug":"blog","status":"publish","type":"page","link":"https:\/\/taskpal.com\/cs\/blog\/","title":{"rendered":"Blog"},"content":{"rendered":"\n<p>Objevte odborn\u00e9 strategie, n\u00e1stroje a tipy, <br>jak zv\u00fd\u0161it produktivitu a m\u00edt kontrolu nad sv\u00fdm \u010dasem<\/p>\n","protected":false},"excerpt":{"rendered":"<p>Objevte odborn\u00e9 strategie, n\u00e1stroje a tipy, jak zv\u00fd\u0161it produktivitu a m\u00edt kontrolu nad sv\u00fdm \u010dasem<\/p>\n","protected":false},"author":1,"featured_media":2617,"parent":0,"menu_order":0,"comment_status":"closed","ping_status":"closed","template":"page-blog.php","meta":{"_acf_changed":false,"footnotes":""},"class_list":["post-2615","page","type-page","status-publish","has-post-thumbnail","hentry"],"acf":[],"yoast_head":"<!-- This site is optimized with the Yoast SEO plugin v24.5 - https:\/\/yoast.com\/wordpress\/plugins\/seo\/ -->\n<title>Blog | TaskPal<\/title>\n<meta name=\"description\" content=\"Explore fresh perspectives on task management with TaskPal&#039;s official blog. Discover tips, tricks, and insights on how to manage your tasks efficiently and boost your productivity.\" \/>\n<meta name=\"robots\" content=\"index, follow, max-snippet:-1, max-image-preview:large, max-video-preview:-1\" \/>\n<link rel=\"canonical\" href=\"https:\/\/taskpal.com\/cs\/blog\/\" \/>\n<meta property=\"og:locale\" content=\"cs_CZ\" \/>\n<meta property=\"og:type\" content=\"article\" \/>\n<meta property=\"og:title\" content=\"Blog | TaskPal\" \/>\n<meta property=\"og:description\" content=\"Explore fresh perspectives on task management with TaskPal&#039;s official blog. Discover tips, tricks, and insights on how to manage your tasks efficiently and boost your productivity.\" \/>\n<meta property=\"og:url\" content=\"https:\/\/taskpal.com\/cs\/blog\/\" \/>\n<meta property=\"og:site_name\" content=\"TaskPal\" \/>\n<meta property=\"article:modified_time\" content=\"2026-01-09T10:53:00+00:00\" \/>\n<meta property=\"og:image\" content=\"https:\/\/taskpal.com\/wp-content\/uploads\/2025\/02\/clocksblogs_trans.png\" \/>\n\t<meta property=\"og:image:width\" content=\"507\" \/>\n\t<meta property=\"og:image:height\" content=\"458\" \/>\n\t<meta property=\"og:image:type\" content=\"image\/png\" \/>\n<meta name=\"twitter:card\" content=\"summary_large_image\" \/>\n<meta name=\"twitter:label1\" content=\"Odhadovan\u00e1 doba \u010dten\u00ed\" \/>\n\t<meta name=\"twitter:data1\" content=\"1 minuta\" \/>\n<script type=\"application\/ld+json\" class=\"yoast-schema-graph\">{\"@context\":\"https:\/\/schema.org\",\"@graph\":[{\"@type\":\"WebPage\",\"@id\":\"https:\/\/taskpal.com\/cs\/blog\/\",\"url\":\"https:\/\/taskpal.com\/cs\/blog\/\",\"name\":\"Blog | TaskPal\",\"isPartOf\":{\"@id\":\"https:\/\/taskpal.com\/cs\/#website\"},\"primaryImageOfPage\":{\"@id\":\"https:\/\/taskpal.com\/cs\/blog\/#primaryimage\"},\"image\":{\"@id\":\"https:\/\/taskpal.com\/cs\/blog\/#primaryimage\"},\"thumbnailUrl\":\"https:\/\/taskpal.com\/wp-content\/uploads\/2025\/02\/clocksblogs_trans.png\",\"datePublished\":\"2023-04-26T06:49:35+00:00\",\"dateModified\":\"2026-01-09T10:53:00+00:00\",\"description\":\"Explore fresh perspectives on task management with TaskPal's official blog. Discover tips, tricks, and insights on how to manage your tasks efficiently and boost your productivity.\",\"breadcrumb\":{\"@id\":\"https:\/\/taskpal.com\/cs\/blog\/#breadcrumb\"},\"inLanguage\":\"cs\",\"potentialAction\":[{\"@type\":\"ReadAction\",\"target\":[\"https:\/\/taskpal.com\/cs\/blog\/\"]}]},{\"@type\":\"ImageObject\",\"inLanguage\":\"cs\",\"@id\":\"https:\/\/taskpal.com\/cs\/blog\/#primaryimage\",\"url\":\"https:\/\/taskpal.com\/wp-content\/uploads\/2025\/02\/clocksblogs_trans.png\",\"contentUrl\":\"https:\/\/taskpal.com\/wp-content\/uploads\/2025\/02\/clocksblogs_trans.png\",\"width\":507,\"height\":458},{\"@type\":\"BreadcrumbList\",\"@id\":\"https:\/\/taskpal.com\/cs\/blog\/#breadcrumb\",\"itemListElement\":[{\"@type\":\"ListItem\",\"position\":1,\"name\":\"Home\",\"item\":\"https:\/\/taskpal.com\/cs\/\"},{\"@type\":\"ListItem\",\"position\":2,\"name\":\"Blog\"}]},{\"@type\":\"WebSite\",\"@id\":\"https:\/\/taskpal.com\/cs\/#website\",\"url\":\"https:\/\/taskpal.com\/cs\/\",\"name\":\"TaskPal\",\"description\":\"Simple and Powerful To-Do List\",\"publisher\":{\"@id\":\"https:\/\/taskpal.com\/cs\/#organization\"},\"potentialAction\":[{\"@type\":\"SearchAction\",\"target\":{\"@type\":\"EntryPoint\",\"urlTemplate\":\"https:\/\/taskpal.com\/cs\/?s={search_term_string}\"},\"query-input\":{\"@type\":\"PropertyValueSpecification\",\"valueRequired\":true,\"valueName\":\"search_term_string\"}}],\"inLanguage\":\"cs\"},{\"@type\":\"Organization\",\"@id\":\"https:\/\/taskpal.com\/cs\/#organization\",\"name\":\"TaskPal LLC\",\"url\":\"https:\/\/taskpal.com\/cs\/\",\"logo\":{\"@type\":\"ImageObject\",\"inLanguage\":\"cs\",\"@id\":\"https:\/\/taskpal.com\/cs\/#\/schema\/logo\/image\/\",\"url\":\"https:\/\/taskpal.com\/wp-content\/uploads\/2023\/03\/footer-logo.svg\",\"contentUrl\":\"https:\/\/taskpal.com\/wp-content\/uploads\/2023\/03\/footer-logo.svg\",\"width\":260,\"height\":57.28399999999999891997504164464771747589111328125,\"caption\":\"TaskPal LLC\"},\"image\":{\"@id\":\"https:\/\/taskpal.com\/cs\/#\/schema\/logo\/image\/\"}}]}<\/script>\n<!-- \/ Yoast SEO plugin. -->","yoast_head_json":{"title":"Blog | TaskPal","description":"Explore fresh perspectives on task management with TaskPal's official blog. Discover tips, tricks, and insights on how to manage your tasks efficiently and boost your productivity.","robots":{"index":"index","follow":"follow","max-snippet":"max-snippet:-1","max-image-preview":"max-image-preview:large","max-video-preview":"max-video-preview:-1"},"canonical":"https:\/\/taskpal.com\/cs\/blog\/","og_locale":"cs_CZ","og_type":"article","og_title":"Blog | TaskPal","og_description":"Explore fresh perspectives on task management with TaskPal's official blog. Discover tips, tricks, and insights on how to manage your tasks efficiently and boost your productivity.","og_url":"https:\/\/taskpal.com\/cs\/blog\/","og_site_name":"TaskPal","article_modified_time":"2026-01-09T10:53:00+00:00","og_image":[{"width":507,"height":458,"url":"https:\/\/taskpal.com\/wp-content\/uploads\/2025\/02\/clocksblogs_trans.png","type":"image\/png"}],"twitter_card":"summary_large_image","twitter_misc":{"Odhadovan\u00e1 doba \u010dten\u00ed":"1 minuta"},"schema":{"@context":"https:\/\/schema.org","@graph":[{"@type":"WebPage","@id":"https:\/\/taskpal.com\/cs\/blog\/","url":"https:\/\/taskpal.com\/cs\/blog\/","name":"Blog | TaskPal","isPartOf":{"@id":"https:\/\/taskpal.com\/cs\/#website"},"primaryImageOfPage":{"@id":"https:\/\/taskpal.com\/cs\/blog\/#primaryimage"},"image":{"@id":"https:\/\/taskpal.com\/cs\/blog\/#primaryimage"},"thumbnailUrl":"https:\/\/taskpal.com\/wp-content\/uploads\/2025\/02\/clocksblogs_trans.png","datePublished":"2023-04-26T06:49:35+00:00","dateModified":"2026-01-09T10:53:00+00:00","description":"Explore fresh perspectives on task management with TaskPal's official blog. Discover tips, tricks, and insights on how to manage your tasks efficiently and boost your productivity.","breadcrumb":{"@id":"https:\/\/taskpal.com\/cs\/blog\/#breadcrumb"},"inLanguage":"cs","potentialAction":[{"@type":"ReadAction","target":["https:\/\/taskpal.com\/cs\/blog\/"]}]},{"@type":"ImageObject","inLanguage":"cs","@id":"https:\/\/taskpal.com\/cs\/blog\/#primaryimage","url":"https:\/\/taskpal.com\/wp-content\/uploads\/2025\/02\/clocksblogs_trans.png","contentUrl":"https:\/\/taskpal.com\/wp-content\/uploads\/2025\/02\/clocksblogs_trans.png","width":507,"height":458},{"@type":"BreadcrumbList","@id":"https:\/\/taskpal.com\/cs\/blog\/#breadcrumb","itemListElement":[{"@type":"ListItem","position":1,"name":"Home","item":"https:\/\/taskpal.com\/cs\/"},{"@type":"ListItem","position":2,"name":"Blog"}]},{"@type":"WebSite","@id":"https:\/\/taskpal.com\/cs\/#website","url":"https:\/\/taskpal.com\/cs\/","name":"TaskPal","description":"Simple and Powerful To-Do List","publisher":{"@id":"https:\/\/taskpal.com\/cs\/#organization"},"potentialAction":[{"@type":"SearchAction","target":{"@type":"EntryPoint","urlTemplate":"https:\/\/taskpal.com\/cs\/?s={search_term_string}"},"query-input":{"@type":"PropertyValueSpecification","valueRequired":true,"valueName":"search_term_string"}}],"inLanguage":"cs"},{"@type":"Organization","@id":"https:\/\/taskpal.com\/cs\/#organization","name":"TaskPal LLC","url":"https:\/\/taskpal.com\/cs\/","logo":{"@type":"ImageObject","inLanguage":"cs","@id":"https:\/\/taskpal.com\/cs\/#\/schema\/logo\/image\/","url":"https:\/\/taskpal.com\/wp-content\/uploads\/2023\/03\/footer-logo.svg","contentUrl":"https:\/\/taskpal.com\/wp-content\/uploads\/2023\/03\/footer-logo.svg","width":260,"height":57.28399999999999891997504164464771747589111328125,"caption":"TaskPal LLC"},"image":{"@id":"https:\/\/taskpal.com\/cs\/#\/schema\/logo\/image\/"}}]}},"_links":{"self":[{"href":"https:\/\/taskpal.com\/cs\/wp-json\/wp\/v2\/pages\/2615","targetHints":{"allow":["GET"]}}],"collection":[{"href":"https:\/\/taskpal.com\/cs\/wp-json\/wp\/v2\/pages"}],"about":[{"href":"https:\/\/taskpal.com\/cs\/wp-json\/wp\/v2\/types\/page"}],"author":[{"embeddable":true,"href":"https:\/\/taskpal.com\/cs\/wp-json\/wp\/v2\/users\/1"}],"replies":[{"embeddable":true,"href":"https:\/\/taskpal.com\/cs\/wp-json\/wp\/v2\/comments?post=2615"}],"version-history":[{"count":1,"href":"https:\/\/taskpal.com\/cs\/wp-json\/wp\/v2\/pages\/2615\/revisions"}],"predecessor-version":[{"id":2621,"href":"https:\/\/taskpal.com\/cs\/wp-json\/wp\/v2\/pages\/2615\/revisions\/2621"}],"wp:featuredmedia":[{"embeddable":true,"href":"https:\/\/taskpal.com\/cs\/wp-json\/wp\/v2\/media\/2617"}],"wp:attachment":[{"href":"https:\/\/taskpal.com\/cs\/wp-json\/wp\/v2\/media?parent=2615"}],"curies":[{"name":"wp","href":"https:\/\/api.w.org\/{rel}","templated":true}]}}